{"id":5774,"date":"2017-01-31T14:57:35","date_gmt":"2017-01-31T14:57:35","guid":{"rendered":"http:\/\/impreza5.us-themes.net\/?page_id=5774"},"modified":"2020-11-22T00:03:04","modified_gmt":"2020-11-21T23:03:04","slug":"error-404","status":"publish","type":"page","link":"https:\/\/rejuva.rs\/en\/error-404\/","title":{"rendered":"404 Error"},"content":{"rendered":"<p>[vc_row height=&#8220;full&#8220; valign=&#8220;center&#8220; content_placement=&#8220;middle&#8220;][vc_column][us_iconbox icon=&#8220;far|map-marked-alt&#8220; style=&#8220;circle&#8220; size=&#8220;6rem&#8220; title=&#8220;Na\u017ealost, stranica ne mo\u017ee biti prona\u0111ena.&#8220; title_tag=&#8220;h2&#8243;]Molimo Vas, vratite se na naslovnu stranu.[\/us_iconbox][\/vc_column][\/vc_row]<\/p>","protected":false},"excerpt":{"rendered":"<p>[vc_row height=&#8220;full&#8220; valign=&#8220;center&#8220; content_placement=&#8220;middle&#8220;][vc_column][us_iconbox icon=&#8220;far|map-marked-alt&#8220; style=&#8220;circle&#8220; size=&#8220;6rem&#8220; title=&#8220;Na\u017ealost, stranica ne mo\u017ee biti prona\u0111ena.&#8220; title_tag=&#8220;h2&#8243;]Molimo Vas, vratite se na naslovnu stranu.[\/us_iconbox][\/vc_column][\/vc_row]<\/p>","protected":false},"author":1,"featured_media":0,"parent":0,"menu_order":0,"comment_status":"closed","ping_status":"closed","template":"","meta":{"_acf_changed":false,"footnotes":""},"class_list":["post-5774","page","type-page","status-publish","hentry"],"blocksy_meta":[],"acf":[],"yoast_head":"<!-- This site is optimized with the Yoast SEO Premium plugin v20.0 (Yoast SEO v23.4) - https:\/\/yoast.com\/wordpress\/plugins\/seo\/ -->\n<title>404 Error - Rejuva<\/title>\n<meta name=\"robots\" content=\"index, follow, max-snippet:-1, max-image-preview:large, max-video-preview:-1\" \/>\n<link rel=\"canonical\" href=\"https:\/\/rejuva.rs\/en\/error-404\/\" \/>\n<meta property=\"og:locale\" content=\"en_US\" \/>\n<meta property=\"og:type\" content=\"article\" \/>\n<meta property=\"og:title\" content=\"404 Error\" \/>\n<meta property=\"og:description\" content=\"[vc_row height=&#8220;full&#8220; valign=&#8220;center&#8220; content_placement=&#8220;middle&#8220;][vc_column][us_iconbox icon=&#8220;far|map-marked-alt&#8220; style=&#8220;circle&#8220; size=&#8220;6rem&#8220; title=&#8220;Na\u017ealost, stranica ne mo\u017ee biti prona\u0111ena.&#8220; title_tag=&#8220;h2&#8243;]Molimo Vas, vratite se na naslovnu stranu.[\/us_iconbox][\/vc_column][\/vc_row]\" \/>\n<meta property=\"og:url\" content=\"https:\/\/rejuva.rs\/en\/error-404\/\" \/>\n<meta property=\"og:site_name\" content=\"Rejuva\" \/>\n<meta property=\"article:publisher\" content=\"https:\/\/www.facebook.com\/RejuvaBelgrade\/\" \/>\n<meta property=\"article:modified_time\" content=\"2020-11-21T23:03:04+00:00\" \/>\n<meta name=\"twitter:card\" content=\"summary_large_image\" \/>\n<script type=\"application\/ld+json\" class=\"yoast-schema-graph\">{\"@context\":\"https:\/\/schema.org\",\"@graph\":[{\"@type\":\"WebPage\",\"@id\":\"https:\/\/rejuva.rs\/error-404\/\",\"url\":\"https:\/\/rejuva.rs\/error-404\/\",\"name\":\"404 Error - Rejuva\",\"isPartOf\":{\"@id\":\"https:\/\/rejuva.rs\/#website\"},\"datePublished\":\"2017-01-31T14:57:35+00:00\",\"dateModified\":\"2020-11-21T23:03:04+00:00\",\"breadcrumb\":{\"@id\":\"https:\/\/rejuva.rs\/error-404\/#breadcrumb\"},\"inLanguage\":\"en-US\",\"potentialAction\":[{\"@type\":\"ReadAction\",\"target\":[\"https:\/\/rejuva.rs\/error-404\/\"]}]},{\"@type\":\"BreadcrumbList\",\"@id\":\"https:\/\/rejuva.rs\/error-404\/#breadcrumb\",\"itemListElement\":[{\"@type\":\"ListItem\",\"position\":1,\"name\":\"Home\",\"item\":\"https:\/\/rejuva.rs\/\"},{\"@type\":\"ListItem\",\"position\":2,\"name\":\"404 Error\"}]},{\"@type\":\"WebSite\",\"@id\":\"https:\/\/rejuva.rs\/#website\",\"url\":\"https:\/\/rejuva.rs\/\",\"name\":\"Rejuva\",\"description\":\"Laser &amp; Aesthetics\",\"publisher\":{\"@id\":\"https:\/\/rejuva.rs\/#organization\"},\"potentialAction\":[{\"@type\":\"SearchAction\",\"target\":{\"@type\":\"EntryPoint\",\"urlTemplate\":\"https:\/\/rejuva.rs\/?s={search_term_string}\"},\"query-input\":{\"@type\":\"PropertyValueSpecification\",\"valueRequired\":true,\"valueName\":\"search_term_string\"}}],\"inLanguage\":\"en-US\"},{\"@type\":[\"Organization\",\"Place\",\"Physician\"],\"@id\":\"https:\/\/rejuva.rs\/#organization\",\"name\":\"Rejuva Laser and Aesthetic\",\"url\":\"https:\/\/rejuva.rs\/\",\"logo\":{\"@id\":\"https:\/\/rejuva.rs\/error-404\/#local-main-organization-logo\"},\"image\":{\"@id\":\"https:\/\/rejuva.rs\/error-404\/#local-main-organization-logo\"},\"sameAs\":[\"https:\/\/www.facebook.com\/RejuvaBelgrade\/\",\"https:\/\/www.instagram.com\/rejuva_belgrade\/\",\"https:\/\/www.linkedin.com\/company\/rejuva-laser-aesthetic\",\"https:\/\/www.youtube.com\/channel\/UCmD3PSyUT3dtH3DTWYPAlbQ\"],\"address\":{\"@id\":\"https:\/\/rejuva.rs\/error-404\/#local-main-place-address\"},\"geo\":{\"@type\":\"GeoCoordinates\",\"latitude\":\"44.76913829999999\",\"longitude\":\"20.4553283\"},\"telephone\":[\"+381642359357\"],\"openingHoursSpecification\":[{\"@type\":\"OpeningHoursSpecification\",\"dayOfWeek\":[\"Monday\",\"Tuesday\",\"Wednesday\",\"Thursday\",\"Friday\"],\"opens\":\"10:00\",\"closes\":\"18:00\"},{\"@type\":\"OpeningHoursSpecification\",\"dayOfWeek\":[\"Saturday\"],\"opens\":\"08:00\",\"closes\":\"14:00\"},{\"@type\":\"OpeningHoursSpecification\",\"dayOfWeek\":[\"Sunday\"],\"opens\":\"00:00\",\"closes\":\"00:00\"}],\"email\":\"office@rejuva.rs\",\"areaServed\":\"Beograd\",\"taxID\":\"111812256\",\"priceRange\":\"$$$\",\"currenciesAccepted\":\"RSD\",\"paymentAccepted\":\"Cash, Credit Cards\"},{\"@type\":\"PostalAddress\",\"@id\":\"https:\/\/rejuva.rs\/error-404\/#local-main-place-address\",\"streetAddress\":\"Miloja \u0110aka 2a\",\"addressLocality\":\"Beograd\",\"postalCode\":\"11000\",\"addressRegion\":\"Srbija\",\"addressCountry\":\"RS\"},{\"@type\":\"ImageObject\",\"inLanguage\":\"en-US\",\"@id\":\"https:\/\/rejuva.rs\/error-404\/#local-main-organization-logo\",\"url\":\"https:\/\/rejuva.rs\/wp-content\/uploads\/2020\/10\/rejuva-horizontalni-logo-crni-png.png\",\"contentUrl\":\"https:\/\/rejuva.rs\/wp-content\/uploads\/2020\/10\/rejuva-horizontalni-logo-crni-png.png\",\"width\":2400,\"height\":495,\"caption\":\"Rejuva Laser and Aesthetic\"}]}<\/script>\n<meta name=\"geo.placename\" content=\"Beograd\" \/>\n<meta name=\"geo.region\" content=\"Serbia\" \/>\n<!-- \/ Yoast SEO Premium plugin. -->","yoast_head_json":{"title":"404 Error - Rejuva","robots":{"index":"index","follow":"follow","max-snippet":"max-snippet:-1","max-image-preview":"max-image-preview:large","max-video-preview":"max-video-preview:-1"},"canonical":"https:\/\/rejuva.rs\/en\/error-404\/","og_locale":"en_US","og_type":"article","og_title":"404 Error","og_description":"[vc_row height=&#8220;full&#8220; valign=&#8220;center&#8220; content_placement=&#8220;middle&#8220;][vc_column][us_iconbox icon=&#8220;far|map-marked-alt&#8220; style=&#8220;circle&#8220; size=&#8220;6rem&#8220; title=&#8220;Na\u017ealost, stranica ne mo\u017ee biti prona\u0111ena.&#8220; title_tag=&#8220;h2&#8243;]Molimo Vas, vratite se na naslovnu stranu.[\/us_iconbox][\/vc_column][\/vc_row]","og_url":"https:\/\/rejuva.rs\/en\/error-404\/","og_site_name":"Rejuva","article_publisher":"https:\/\/www.facebook.com\/RejuvaBelgrade\/","article_modified_time":"2020-11-21T23:03:04+00:00","twitter_card":"summary_large_image","schema":{"@context":"https:\/\/schema.org","@graph":[{"@type":"WebPage","@id":"https:\/\/rejuva.rs\/error-404\/","url":"https:\/\/rejuva.rs\/error-404\/","name":"404 Error - Rejuva","isPartOf":{"@id":"https:\/\/rejuva.rs\/#website"},"datePublished":"2017-01-31T14:57:35+00:00","dateModified":"2020-11-21T23:03:04+00:00","breadcrumb":{"@id":"https:\/\/rejuva.rs\/error-404\/#breadcrumb"},"inLanguage":"en-US","potentialAction":[{"@type":"ReadAction","target":["https:\/\/rejuva.rs\/error-404\/"]}]},{"@type":"BreadcrumbList","@id":"https:\/\/rejuva.rs\/error-404\/#breadcrumb","itemListElement":[{"@type":"ListItem","position":1,"name":"Home","item":"https:\/\/rejuva.rs\/"},{"@type":"ListItem","position":2,"name":"404 Error"}]},{"@type":"WebSite","@id":"https:\/\/rejuva.rs\/#website","url":"https:\/\/rejuva.rs\/","name":"Rejuva","description":"Laser &amp; Aesthetics","publisher":{"@id":"https:\/\/rejuva.rs\/#organization"},"potentialAction":[{"@type":"SearchAction","target":{"@type":"EntryPoint","urlTemplate":"https:\/\/rejuva.rs\/?s={search_term_string}"},"query-input":{"@type":"PropertyValueSpecification","valueRequired":true,"valueName":"search_term_string"}}],"inLanguage":"en-US"},{"@type":["Organization","Place","Physician"],"@id":"https:\/\/rejuva.rs\/#organization","name":"Rejuva Laser and Aesthetic","url":"https:\/\/rejuva.rs\/","logo":{"@id":"https:\/\/rejuva.rs\/error-404\/#local-main-organization-logo"},"image":{"@id":"https:\/\/rejuva.rs\/error-404\/#local-main-organization-logo"},"sameAs":["https:\/\/www.facebook.com\/RejuvaBelgrade\/","https:\/\/www.instagram.com\/rejuva_belgrade\/","https:\/\/www.linkedin.com\/company\/rejuva-laser-aesthetic","https:\/\/www.youtube.com\/channel\/UCmD3PSyUT3dtH3DTWYPAlbQ"],"address":{"@id":"https:\/\/rejuva.rs\/error-404\/#local-main-place-address"},"geo":{"@type":"GeoCoordinates","latitude":"44.76913829999999","longitude":"20.4553283"},"telephone":["+381642359357"],"openingHoursSpecification":[{"@type":"OpeningHoursSpecification","dayOfWeek":["Monday","Tuesday","Wednesday","Thursday","Friday"],"opens":"10:00","closes":"18:00"},{"@type":"OpeningHoursSpecification","dayOfWeek":["Saturday"],"opens":"08:00","closes":"14:00"},{"@type":"OpeningHoursSpecification","dayOfWeek":["Sunday"],"opens":"00:00","closes":"00:00"}],"email":"office@rejuva.rs","areaServed":"Beograd","taxID":"111812256","priceRange":"$$$","currenciesAccepted":"RSD","paymentAccepted":"Cash, Credit Cards"},{"@type":"PostalAddress","@id":"https:\/\/rejuva.rs\/error-404\/#local-main-place-address","streetAddress":"Miloja \u0110aka 2a","addressLocality":"Beograd","postalCode":"11000","addressRegion":"Srbija","addressCountry":"RS"},{"@type":"ImageObject","inLanguage":"en-US","@id":"https:\/\/rejuva.rs\/error-404\/#local-main-organization-logo","url":"https:\/\/rejuva.rs\/wp-content\/uploads\/2020\/10\/rejuva-horizontalni-logo-crni-png.png","contentUrl":"https:\/\/rejuva.rs\/wp-content\/uploads\/2020\/10\/rejuva-horizontalni-logo-crni-png.png","width":2400,"height":495,"caption":"Rejuva Laser and Aesthetic"}]},"geo.placename":"Beograd","geo.position":{"lat":"44.76913829999999","long":"20.4553283"},"geo.region":"Serbia"},"_links":{"self":[{"href":"https:\/\/rejuva.rs\/en\/wp-json\/wp\/v2\/pages\/5774"}],"collection":[{"href":"https:\/\/rejuva.rs\/en\/wp-json\/wp\/v2\/pages"}],"about":[{"href":"https:\/\/rejuva.rs\/en\/wp-json\/wp\/v2\/types\/page"}],"author":[{"embeddable":true,"href":"https:\/\/rejuva.rs\/en\/wp-json\/wp\/v2\/users\/1"}],"replies":[{"embeddable":true,"href":"https:\/\/rejuva.rs\/en\/wp-json\/wp\/v2\/comments?post=5774"}],"version-history":[{"count":0,"href":"https:\/\/rejuva.rs\/en\/wp-json\/wp\/v2\/pages\/5774\/revisions"}],"wp:attachment":[{"href":"https:\/\/rejuva.rs\/en\/wp-json\/wp\/v2\/media?parent=5774"}],"curies":[{"name":"wp","href":"https:\/\/api.w.org\/{rel}","templated":true}]}}